{"id":18,"date":"2017-11-22T22:43:36","date_gmt":"2017-11-22T21:43:36","guid":{"rendered":"http:\/\/bioweb.blog\/?page_id=18"},"modified":"2020-04-18T11:20:08","modified_gmt":"2020-04-18T09:20:08","slug":"a-propos","status":"publish","type":"page","link":"https:\/\/bioweb.blog\/index.php\/a-propos\/","title":{"rendered":"A propos"},"content":{"rendered":"<h3 style=\"text-align: left;\"><strong>Pour qui ce blog est-il \u00e9crit ?<\/strong><\/h3>\n<p style=\"text-align: left;\">Quel que soit votre \u00e2ge, quelles que soient vos connaissances en science ou en biologie :<\/p>\n<ul style=\"text-align: left;\">\n<li>Vous vous demandez quels sont les rem\u00e8des de demain ?<\/li>\n<li>Vous aimeriez comprendre comment fonctionnent les maladies, savoir ce que fait exactement le cancer dans votre corps ?<\/li>\n<li>Vous voulez vous faire votre propre avis sur les controverses d&rsquo;actualit\u00e9 en biologie (OGM, vaccins&#8230;) ?<\/li>\n<\/ul>\n<p style=\"text-align: left;\">Vous \u00eates au bon endroit afin de vous faire un avis propre et objectif, bas\u00e9 sur des connaissances scientifiques que vous pourrez v\u00e9rifier par vous-m\u00eames.<\/p>\n<h3 style=\"text-align: left;\"><strong>Que trouverez vous ici ?<\/strong><\/h3>\n<p style=\"text-align: left;\">La connaissance devrait \u00eatre \u00e0 port\u00e9e de tous. Or de nos jours, il est particuli\u00e8rement difficile d&rsquo;y avoir acc\u00e8s, m\u00eame pour les professionnels de l&rsquo;information comme les journalistes.<\/p>\n<p style=\"text-align: left;\">Vous trouverez donc ici :<\/p>\n<ul style=\"text-align: left;\">\n<li>des r\u00e9flexions sur des sujets d&rsquo;actualit\u00e9,<\/li>\n<li>des recherches int\u00e9ressantes ou amusantes sur des domaines divers et vari\u00e9,<\/li>\n<li>des explications pour mieux comprendre votre corps et le monde qui vous entoure,<\/li>\n<li>des dossiers reprenant des concepts de A \u00e0 Z, sans besoins de connaissances pr\u00e9alables, pour comprendre des probl\u00e8mes chauds et complexes.<\/li>\n<\/ul>\n<p style=\"text-align: left;\">Le tout agr\u00e9ment\u00e9 d&rsquo;arguments \u00e9tay\u00e9s de sources scientifiques, cit\u00e9es, v\u00e9rifiables afin que vous puissiez vous faire vous-m\u00eame votre id\u00e9e, en accord ou non avec la mienne.<\/p>\n<h3 style=\"text-align: left;\"><strong>Qui suis-je ?<\/strong><\/h3>\n<p style=\"text-align: left;\">Apr\u00e8s un doctorat en immunologie, la science du syst\u00e8me immunitaire, o\u00f9 je me suis int\u00e9ress\u00e9 aux m\u00e9canismes causant les allergies, j&rsquo;ai vogu\u00e9 vers des horizons nouveaux tels que la recherche pour lutter contre le cancer.<\/p>\n<p style=\"text-align: left;\">La recherche, c&rsquo;est la passion de comprendre comment les choses fonctionnent et d&rsquo;avoir le privil\u00e8ge d&rsquo;\u00eatre le premier de tous les hommes \u00e0 le savoir. Et j&rsquo;ai \u00e0 c\u0153ur de partager les d\u00e9couvertes qui sont faites afin que tout un chacun puisse en profiter au mieux. Mon c\u00f4t\u00e9 geek m&rsquo;aide bien en ce sens ! \ud83d\ude09<\/p>\n<p style=\"text-align: left;\">J&rsquo;esp\u00e8re que vous aurez autant de plaisir \u00e0 me lire que moi \u00e0 \u00e9crire&#8230; car, la biologie&#8230; c&rsquo;est la vie !<\/p>\n","protected":false},"excerpt":{"rendered":"<p>Pour qui ce blog est-il \u00e9crit ? Quel que soit votre \u00e2ge, quelles que soient vos connaissances en science ou en biologie : Vous vous demandez quels sont les rem\u00e8des de demain ? Vous aimeriez comprendre comment fonctionnent les maladies, savoir ce que fait exactement le cancer dans votre corps ? Vous voulez vous faire [&hellip;]<\/p>\n","protected":false},"author":1,"featured_media":0,"parent":0,"menu_order":0,"comment_status":"closed","ping_status":"closed","template":"","meta":{"jetpack_post_was_ever_published":false},"jetpack_sharing_enabled":true,"jetpack_shortlink":"https:\/\/wp.me\/P9pDNX-i","jetpack_likes_enabled":true,"jetpack-related-posts":[{"id":82,"url":"https:\/\/bioweb.blog\/index.php\/mentions-legales\/","url_meta":{"origin":18,"position":0},"title":"Mentions l\u00e9gales","author":"Pierre","date":"25 novembre 2017","format":false,"excerpt":"Droits des textes et illustrations Tous les textes, hors citations et mentions contraires expresses sont de propri\u00e9t\u00e9 intellectuelle r\u00e9serv\u00e9e. Les illustrations, exception faites de celles puis\u00e9es du domaine publique et libres de droits, sont le fruit du travail de leurs d\u00e9tenteurs respectifs nomm\u00e9s en l\u00e9gende ou en titre de l'image.\u2026","rel":"","context":"Article similaire","block_context":{"text":"Article similaire","link":""},"img":{"alt_text":"","src":"","width":0,"height":0},"classes":[]}],"_links":{"self":[{"href":"https:\/\/bioweb.blog\/index.php\/wp-json\/wp\/v2\/pages\/18"}],"collection":[{"href":"https:\/\/bioweb.blog\/index.php\/wp-json\/wp\/v2\/pages"}],"about":[{"href":"https:\/\/bioweb.blog\/index.php\/wp-json\/wp\/v2\/types\/page"}],"author":[{"embeddable":true,"href":"https:\/\/bioweb.blog\/index.php\/wp-json\/wp\/v2\/users\/1"}],"replies":[{"embeddable":true,"href":"https:\/\/bioweb.blog\/index.php\/wp-json\/wp\/v2\/comments?post=18"}],"version-history":[{"count":11,"href":"https:\/\/bioweb.blog\/index.php\/wp-json\/wp\/v2\/pages\/18\/revisions"}],"predecessor-version":[{"id":404,"href":"https:\/\/bioweb.blog\/index.php\/wp-json\/wp\/v2\/pages\/18\/revisions\/404"}],"wp:attachment":[{"href":"https:\/\/bioweb.blog\/index.php\/wp-json\/wp\/v2\/media?parent=18"}],"curies":[{"name":"wp","href":"https:\/\/api.w.org\/{rel}","templated":true}]}}