{"id":82,"date":"2017-11-25T23:38:49","date_gmt":"2017-11-25T22:38:49","guid":{"rendered":"http:\/\/bioweb.blog\/?page_id=82"},"modified":"2018-10-19T23:30:58","modified_gmt":"2018-10-19T21:30:58","slug":"mentions-legales","status":"publish","type":"page","link":"https:\/\/bioweb.blog\/index.php\/mentions-legales\/","title":{"rendered":"Mentions l\u00e9gales"},"content":{"rendered":"<h2>Droits des textes et illustrations<\/h2>\n<p>Tous les textes, hors citations et mentions contraires expresses sont de propri\u00e9t\u00e9 intellectuelle r\u00e9serv\u00e9e. Les illustrations, exception faites de celles puis\u00e9es du domaine publique et libres de droits, sont le fruit du travail de leurs d\u00e9tenteurs respectifs nomm\u00e9s en l\u00e9gende ou en titre de l&rsquo;image.<\/p>\n<p>Toute reproduction partielle ou totale de billets de ce blog peut \u00eatre r\u00e9alis\u00e9e sous les conditions de la licence\u00a0<a href=\"https:\/\/creativecommons.org\/licenses\/by-nc-nd\/3.0\/fr\/\"><strong>Creative Commons BY-NC-ND<\/strong><\/a>\u00a0[Attribution de paternit\u00e9 \/ Pas d\u2019utilisation commerciale \/ Pas de modifications]. N&rsquo;h\u00e9sitez pas \u00e0 utiliser le formulaire de contact pour toute demande.<\/p>\n<h2>Utilisation des donn\u00e9es personnelles<\/h2>\n<p>Ce site web utilise des cookies d\u00e9pos\u00e9s sur votre ordinateur a des fins d&rsquo;analyse de traffic et de statistiques, dans le but d&rsquo;\u00e9valuer la qualit\u00e9 des articles et l&rsquo;int\u00e9r\u00eat des lecteurs. Les donn\u00e9es personnes telles que les adresse email des utilisateurs postant des commentaires ou me contactant par email seront conserv\u00e9es afin de garder une tracabilit\u00e9 des utilisateurs actifs, ainsi que des param\u00e8tres tels que les adresses IP de leurs ordinateurs.<br \/>\nAucune donn\u00e9e personne ou anonymis\u00e9e acquise par BioWeb directement ne sera revendue ou communiqu\u00e9e \u00e0 des entreprises tierces.<\/p>\n<h2>Contact et droit de r\u00e9ponse<\/h2>\n<p>Ainsi que stipul\u00e9 par la loi, le gestionnaire d&rsquo;un blog ne saurait \u00eatre tenu responsable des messages et\/ou commentaires hors-la-loi post\u00e9s par un tiers tels que les messages \u00e0 caract\u00e8re haineux ou diffamatoire. Toutefois possibilit\u00e9 est donn\u00e9e \u00e0 tout utilisateur de ce blog de me contacter directement par l&rsquo;interm\u00e9diaire du formulaire de contact afin de me signaler tout message offensant et de m&rsquo;en demander le retrait.<\/p>\n<p>De plus, toute personne cit\u00e9e nomm\u00e9ment sur les pages de ce blog disposent, ainsi que stipul\u00e9 par la loi, d&rsquo;un droit de r\u00e9ponse. Celui-ci peut me parvenir sous forme d&rsquo;un message envoy\u00e9 via le formulaire de contact et qui sera d\u00fbment ajout\u00e9 sur la page et\/ou l&rsquo;article concern\u00e9 du blog.<\/p>\n<h2>H\u00e9bergement<\/h2>\n<p>Le site BioWeb.blog est h\u00e9berg\u00e9 chez 1and1<\/p>\n<p>1&amp;1 Internet SARL<br \/>\n7, place de la Gare<br \/>\nBP 70109<br \/>\n57201 Sarreguemines Cedex<\/p>\n","protected":false},"excerpt":{"rendered":"<p>Droits des textes et illustrations Tous les textes, hors citations et mentions contraires expresses sont de propri\u00e9t\u00e9 intellectuelle r\u00e9serv\u00e9e. Les illustrations, exception faites de celles puis\u00e9es du domaine publique et libres de droits, sont le fruit du travail de leurs d\u00e9tenteurs respectifs nomm\u00e9s en l\u00e9gende ou en titre de l&rsquo;image. Toute reproduction partielle ou totale [&hellip;]<\/p>\n","protected":false},"author":1,"featured_media":0,"parent":0,"menu_order":0,"comment_status":"closed","ping_status":"closed","template":"","meta":{"jetpack_post_was_ever_published":false},"jetpack_sharing_enabled":true,"jetpack_shortlink":"https:\/\/wp.me\/P9pDNX-1k","jetpack_likes_enabled":true,"jetpack-related-posts":[{"id":18,"url":"https:\/\/bioweb.blog\/index.php\/a-propos\/","url_meta":{"origin":82,"position":0},"title":"A propos","author":"Pierre","date":"22 novembre 2017","format":false,"excerpt":"Pour qui ce blog est-il \u00e9crit ? Quel que soit votre \u00e2ge, quelles que soient vos connaissances en science ou en biologie : Vous vous demandez quels sont les rem\u00e8des de demain ? Vous aimeriez comprendre comment fonctionnent les maladies, savoir ce que fait exactement le cancer dans votre corps\u2026","rel":"","context":"Article similaire","block_context":{"text":"Article similaire","link":""},"img":{"alt_text":"","src":"","width":0,"height":0},"classes":[]}],"_links":{"self":[{"href":"https:\/\/bioweb.blog\/index.php\/wp-json\/wp\/v2\/pages\/82"}],"collection":[{"href":"https:\/\/bioweb.blog\/index.php\/wp-json\/wp\/v2\/pages"}],"about":[{"href":"https:\/\/bioweb.blog\/index.php\/wp-json\/wp\/v2\/types\/page"}],"author":[{"embeddable":true,"href":"https:\/\/bioweb.blog\/index.php\/wp-json\/wp\/v2\/users\/1"}],"replies":[{"embeddable":true,"href":"https:\/\/bioweb.blog\/index.php\/wp-json\/wp\/v2\/comments?post=82"}],"version-history":[{"count":2,"href":"https:\/\/bioweb.blog\/index.php\/wp-json\/wp\/v2\/pages\/82\/revisions"}],"predecessor-version":[{"id":190,"href":"https:\/\/bioweb.blog\/index.php\/wp-json\/wp\/v2\/pages\/82\/revisions\/190"}],"wp:attachment":[{"href":"https:\/\/bioweb.blog\/index.php\/wp-json\/wp\/v2\/media?parent=82"}],"curies":[{"name":"wp","href":"https:\/\/api.w.org\/{rel}","templated":true}]}}