{"id":85,"date":"2017-11-26T00:06:13","date_gmt":"2017-11-25T23:06:13","guid":{"rendered":"http:\/\/bioweb.blog\/?page_id=85"},"modified":"2017-11-26T00:18:00","modified_gmt":"2017-11-25T23:18:00","slug":"contact","status":"publish","type":"page","link":"https:\/\/bioweb.blog\/index.php\/contact\/","title":{"rendered":"Contact"},"content":{"rendered":"<p>Une question, une remarque, une r\u00e9action ?<br \/>\nN&rsquo;h\u00e9sitez pas \u00e0 m&rsquo;en faire part !<\/p>\n\n<div class=\"wpcf7 no-js\" id=\"wpcf7-f91-o1\" lang=\"fr-FR\" dir=\"ltr\">\n<div class=\"screen-reader-response\"><p role=\"status\" aria-live=\"polite\" aria-atomic=\"true\"><\/p> <ul><\/ul><\/div>\n<form action=\"\/index.php\/wp-json\/wp\/v2\/pages\/85#wpcf7-f91-o1\" method=\"post\" class=\"wpcf7-form init\" aria-label=\"Formulaire de contact\" novalidate=\"novalidate\" data-status=\"init\">\n<div style=\"display: none;\">\n<input type=\"hidden\" name=\"_wpcf7\" value=\"91\" \/>\n<input type=\"hidden\" name=\"_wpcf7_version\" value=\"5.7.7\" \/>\n<input type=\"hidden\" name=\"_wpcf7_locale\" value=\"fr_FR\" \/>\n<input type=\"hidden\" name=\"_wpcf7_unit_tag\" value=\"wpcf7-f91-o1\" \/>\n<input type=\"hidden\" name=\"_wpcf7_container_post\" value=\"0\" \/>\n<input type=\"hidden\" name=\"_wpcf7_posted_data_hash\" value=\"\" \/>\n<input type=\"hidden\" name=\"_wpcf7_recaptcha_response\" value=\"\" \/>\n<\/div>\n<p><label> Votre nom (obligatoire)<br \/>\n<span class=\"wpcf7-form-control-wrap\" data-name=\"your-name\"><input size=\"40\" class=\"wpcf7-form-control wpcf7-text wpcf7-validates-as-required\" aria-required=\"true\" aria-invalid=\"false\" value=\"\" type=\"text\" name=\"your-name\" \/><\/span> <\/label>\n<\/p>\n<p><label> Votre adresse de messagerie (obligatoire)<br \/>\n<span class=\"wpcf7-form-control-wrap\" data-name=\"your-email\"><input size=\"40\" class=\"wpcf7-form-control wpcf7-text wpcf7-email wpcf7-validates-as-required wpcf7-validates-as-email\" aria-required=\"true\" aria-invalid=\"false\" value=\"\" type=\"email\" name=\"your-email\" \/><\/span> <\/label>\n<\/p>\n<p><label> Objet<br \/>\n<span class=\"wpcf7-form-control-wrap\" data-name=\"your-subject\"><input size=\"40\" class=\"wpcf7-form-control wpcf7-text\" aria-invalid=\"false\" value=\"\" type=\"text\" name=\"your-subject\" \/><\/span> <\/label>\n<\/p>\n<p><label> Votre message<br \/>\n<span class=\"wpcf7-form-control-wrap\" data-name=\"your-message\"><textarea cols=\"40\" rows=\"10\" class=\"wpcf7-form-control wpcf7-textarea\" aria-invalid=\"false\" name=\"your-message\"><\/textarea><\/span> <\/label>\n<\/p>\n\n<p><input class=\"wpcf7-form-control has-spinner wpcf7-submit\" type=\"submit\" value=\"Envoyer\" \/>\n<\/p><p style=\"display: none !important;\" class=\"akismet-fields-container\" data-prefix=\"_wpcf7_ak_\"><label>&#916;<textarea name=\"_wpcf7_ak_hp_textarea\" cols=\"45\" rows=\"8\" maxlength=\"100\"><\/textarea><\/label><input type=\"hidden\" id=\"ak_js_1\" name=\"_wpcf7_ak_js\" value=\"92\"\/><script>document.getElementById( \"ak_js_1\" ).setAttribute( \"value\", ( new Date() ).getTime() );<\/script><\/p><div class=\"wpcf7-response-output\" aria-hidden=\"true\"><\/div>\n<\/form>\n<\/div>\n\n","protected":false},"excerpt":{"rendered":"<p>Une question, une remarque, une r\u00e9action ? N&rsquo;h\u00e9sitez pas \u00e0 m&rsquo;en faire part !<\/p>\n","protected":false},"author":1,"featured_media":0,"parent":0,"menu_order":0,"comment_status":"closed","ping_status":"closed","template":"","meta":{"jetpack_post_was_ever_published":false},"jetpack_sharing_enabled":false,"jetpack_shortlink":"https:\/\/wp.me\/P9pDNX-1n","jetpack_likes_enabled":true,"jetpack-related-posts":[{"id":82,"url":"https:\/\/bioweb.blog\/index.php\/mentions-legales\/","url_meta":{"origin":85,"position":0},"title":"Mentions l\u00e9gales","author":"Pierre","date":"25 novembre 2017","format":false,"excerpt":"Droits des textes et illustrations Tous les textes, hors citations et mentions contraires expresses sont de propri\u00e9t\u00e9 intellectuelle r\u00e9serv\u00e9e. Les illustrations, exception faites de celles puis\u00e9es du domaine publique et libres de droits, sont le fruit du travail de leurs d\u00e9tenteurs respectifs nomm\u00e9s en l\u00e9gende ou en titre de l'image.\u2026","rel":"","context":"Article similaire","block_context":{"text":"Article similaire","link":""},"img":{"alt_text":"","src":"","width":0,"height":0},"classes":[]},{"id":18,"url":"https:\/\/bioweb.blog\/index.php\/a-propos\/","url_meta":{"origin":85,"position":1},"title":"A propos","author":"Pierre","date":"22 novembre 2017","format":false,"excerpt":"Pour qui ce blog est-il \u00e9crit ? Quel que soit votre \u00e2ge, quelles que soient vos connaissances en science ou en biologie : Vous vous demandez quels sont les rem\u00e8des de demain ? Vous aimeriez comprendre comment fonctionnent les maladies, savoir ce que fait exactement le cancer dans votre corps\u2026","rel":"","context":"Article similaire","block_context":{"text":"Article similaire","link":""},"img":{"alt_text":"","src":"","width":0,"height":0},"classes":[]}],"_links":{"self":[{"href":"https:\/\/bioweb.blog\/index.php\/wp-json\/wp\/v2\/pages\/85"}],"collection":[{"href":"https:\/\/bioweb.blog\/index.php\/wp-json\/wp\/v2\/pages"}],"about":[{"href":"https:\/\/bioweb.blog\/index.php\/wp-json\/wp\/v2\/types\/page"}],"author":[{"embeddable":true,"href":"https:\/\/bioweb.blog\/index.php\/wp-json\/wp\/v2\/users\/1"}],"replies":[{"embeddable":true,"href":"https:\/\/bioweb.blog\/index.php\/wp-json\/wp\/v2\/comments?post=85"}],"version-history":[{"count":4,"href":"https:\/\/bioweb.blog\/index.php\/wp-json\/wp\/v2\/pages\/85\/revisions"}],"predecessor-version":[{"id":92,"href":"https:\/\/bioweb.blog\/index.php\/wp-json\/wp\/v2\/pages\/85\/revisions\/92"}],"wp:attachment":[{"href":"https:\/\/bioweb.blog\/index.php\/wp-json\/wp\/v2\/media?parent=85"}],"curies":[{"name":"wp","href":"https:\/\/api.w.org\/{rel}","templated":true}]}}